{"id":50094,"date":"2022-08-19T15:12:22","date_gmt":"2022-08-19T13:12:22","guid":{"rendered":"https:\/\/milizengagement.ch\/?page_id=50094"},"modified":"2022-08-19T16:58:19","modified_gmt":"2022-08-19T14:58:19","slug":"projekte","status":"publish","type":"page","link":"https:\/\/milizengagement.ch\/de\/projekte\/","title":{"rendered":"Projekte"},"content":{"rendered":"<p>[et_pb_section fb_built=&#8220;1&#8243; _builder_version=&#8220;4.16&#8243; _module_preset=&#8220;default&#8220; custom_padding=&#8220;||0px|||&#8220; global_colors_info=&#8220;{}&#8220;][\/et_pb_section][et_pb_section fb_built=&#8220;1&#8243; _builder_version=&#8220;4.18.0&#8243; _module_preset=&#8220;default&#8220; background_enable_color=&#8220;off&#8220; use_background_color_gradient=&#8220;on&#8220; background_color_gradient_stops=&#8220;rgba(0,0,0,0.28) 30%|rgba(0,0,0,0) 100%&#8220; background_color_gradient_start=&#8220;rgba(0,0,0,0.28)&#8220; background_color_gradient_start_position=&#8220;30%&#8220; background_color_gradient_end=&#8220;rgba(0,0,0,0)&#8220; background_image=&#8220;https:\/\/milizengagement.ch\/wp-content\/uploads\/2022\/08\/IK-Dark_Pink_cropped-scaled.jpg&#8220; background_position=&#8220;bottom_center&#8220; background_blend=&#8220;overlay&#8220; height=&#8220;730px&#8220; height_tablet=&#8220;500px&#8220; height_phone=&#8220;400px&#8220; height_last_edited=&#8220;on|phone&#8220; custom_margin_tablet=&#8220;100px||||false|false&#8220; custom_margin_phone=&#8220;50px||||false|false&#8220; custom_margin_last_edited=&#8220;on|phone&#8220; custom_padding=&#8220;0px||190px|||&#8220; background_last_edited=&#8220;off|desktop&#8220; background_color_gradient_stops_tablet=&#8220;rgba(0,0,0,0.28) 40%|rgba(0,0,0,0) 100%&#8220; background_color_gradient_stops_phone=&#8220;rgba(0,0,0,0.28) 40%|rgba(0,0,0,0) 100%&#8220; background_color_gradient_start_position_tablet=&#8220;40%&#8220; background_color_gradient_start_position_phone=&#8220;40%&#8220; global_colors_info=&#8220;{}&#8220; locked=&#8220;off&#8220;][et_pb_row _builder_version=&#8220;4.16&#8243; _module_preset=&#8220;default&#8220; custom_margin_tablet=&#8220;&#8220; custom_margin_phone=&#8220;||||false|false&#8220; custom_margin_last_edited=&#8220;on|phone&#8220; custom_padding=&#8220;0px||0px||false|false&#8220; global_colors_info=&#8220;{}&#8220;][et_pb_column type=&#8220;4_4&#8243; _builder_version=&#8220;4.16&#8243; _module_preset=&#8220;default&#8220; global_colors_info=&#8220;{}&#8220;][et_pb_text _builder_version=&#8220;4.18.0&#8243; _module_preset=&#8220;default&#8220; header_font=&#8220;Oswald|500||on|||||&#8220; header_text_color=&#8220;#ffffff&#8220; header_font_size=&#8220;140px&#8220; header_4_font=&#8220;Merriweather||||||||&#8220; header_4_text_color=&#8220;#ff2179&#8243; header_4_font_size=&#8220;24px&#8220; width=&#8220;100%&#8220; width_tablet=&#8220;&#8220; width_phone=&#8220;&#8220; width_last_edited=&#8220;on|phone&#8220; module_alignment=&#8220;center&#8220; custom_padding=&#8220;10vw|||45px|false|false&#8220; custom_padding_tablet=&#8220;12vw|||45px|false|false&#8220; custom_padding_phone=&#8220;18vw|||15px|false|false&#8220; custom_padding_last_edited=&#8220;on|tablet&#8220; header_font_size_tablet=&#8220;11vw&#8220; header_font_size_phone=&#8220;13vw&#8220; header_font_size_last_edited=&#8220;on|phone&#8220; header_4_font_size_tablet=&#8220;20px&#8220; header_4_font_size_phone=&#8220;16px&#8220; header_4_font_size_last_edited=&#8220;on|phone&#8220; border_width_left=&#8220;3px&#8220; border_color_left=&#8220;#ff2179&#8243; locked=&#8220;off&#8220; global_colors_info=&#8220;{}&#8220;]<\/p>\n<h4><span>Gemeinsam voran<\/span><\/h4>\n<h1><span>Unsere Projekte<\/span><\/h1>\n<p>[\/et_pb_text][\/et_pb_column][\/et_pb_row][\/et_pb_section][et_pb_section fb_built=&#8220;1&#8243; _builder_version=&#8220;4.16&#8243; background_color=&#8220;#ffffff&#8220; transparent_background=&#8220;off&#8220; make_fullwidth=&#8220;off&#8220; use_custom_width=&#8220;off&#8220; width_unit=&#8220;off&#8220; custom_width_px=&#8220;1080px&#8220; custom_width_percent=&#8220;80%&#8220; locked=&#8220;off&#8220; global_colors_info=&#8220;{}&#8220;][et_pb_row _builder_version=&#8220;4.16&#8243; _module_preset=&#8220;default&#8220; custom_padding=&#8220;||0px|||&#8220; global_colors_info=&#8220;{}&#8220;][et_pb_column type=&#8220;4_4&#8243; _builder_version=&#8220;4.16&#8243; _module_preset=&#8220;default&#8220; global_colors_info=&#8220;{}&#8220;][et_pb_text _builder_version=&#8220;4.18.0&#8243; _module_preset=&#8220;default&#8220; text_font=&#8220;Oswald||||||||&#8220; text_font_size=&#8220;48px&#8220; header_font=&#8220;Oswald|600||on|||||&#8220; header_text_align=&#8220;left&#8220; header_text_color=&#8220;#ff2179&#8243; header_font_size=&#8220;59px&#8220; header_letter_spacing=&#8220;1px&#8220; custom_margin=&#8220;||15px|||&#8220; custom_padding=&#8220;||0px|||&#8220; header_font_size_tablet=&#8220;&#8220; header_font_size_phone=&#8220;30px&#8220; header_font_size_last_edited=&#8220;on|tablet&#8220; global_colors_info=&#8220;{}&#8220;]<\/p>\n<h1>T\u00e4tigkeitsfelder rund um Die Miliz<\/h1>\n<p>[\/et_pb_text][et_pb_text _builder_version=&#8220;4.18.0&#8243; _module_preset=&#8220;default&#8220; text_font_size=&#8220;16px&#8220; global_colors_info=&#8220;{}&#8220;]<\/p>\n<p>Zur St\u00e4rkung der Willensnation und des Milizprinzips, zur Festigung der innerschweizerischen Beziehungen, zur Neubelebung der Demokratie, f\u00fcr eine aktive B\u00fcrgerschaft und um unseren Werten neues Leben einzuhauchen engagiert sich der Verein in folgenden Bereichen:<\/p>\n<p>[\/et_pb_text][\/et_pb_column][\/et_pb_row][et_pb_row column_structure=&#8220;1_3,1_3,1_3&#8243; _builder_version=&#8220;4.18.0&#8243; _module_preset=&#8220;default&#8220; animation_direction=&#8220;right&#8220; global_colors_info=&#8220;{}&#8220;][et_pb_column type=&#8220;1_3&#8243; _builder_version=&#8220;4.18.0&#8243; _module_preset=&#8220;default&#8220; background_color=&#8220;#242b38&#8243; animation_style=&#8220;flip&#8220; animation_direction=&#8220;top&#8220; global_colors_info=&#8220;{%22gcid-bd1b09af-2844-4fc0-ab27-6bc1ae9e0a22%22:%91%22background_color%22%93}&#8220;][et_pb_blurb title=&#8220;Bildung &#038; Sensibilisierung&#8220; _builder_version=&#8220;4.18.0&#8243; _module_preset=&#8220;default&#8220; header_font=&#8220;|700||on|||||&#8220; header_text_color=&#8220;#ff2278&#8243; body_font_size=&#8220;16px&#8220; background_color=&#8220;RGBA(255,255,255,0)&#8220; background_layout=&#8220;dark&#8220; custom_padding=&#8220;20px|20px|20px|20px|false|false&#8220; global_colors_info=&#8220;{}&#8220;]<\/p>\n<ul>\n<li>Teilnahme an und Organisation von Ausbildungsseminaren, Konferenzen und Workshops<\/li>\n<li>Begleitung von wissenschaftlichen Arbeiten<\/li>\n<li>Verfassen von Wikipediaeintr\u00e4gen und Publikationen<\/li>\n<li>Zusammenarbeit mit Bildungsinstitutionen<\/li>\n<\/ul>\n<p>[\/et_pb_blurb][\/et_pb_column][et_pb_column type=&#8220;1_3&#8243; _builder_version=&#8220;4.18.0&#8243; _module_preset=&#8220;default&#8220; background_color=&#8220;#242b38&#8243; animation_style=&#8220;flip&#8220; animation_direction=&#8220;top&#8220; global_colors_info=&#8220;{}&#8220;][et_pb_blurb title=&#8220;Anregung des \u00f6ffentlichen Diskurses&#8220; _builder_version=&#8220;4.18.0&#8243; _module_preset=&#8220;default&#8220; header_font=&#8220;|700||on|||||&#8220; header_text_color=&#8220;#ff2278&#8243; body_font_size=&#8220;16px&#8220; background_color=&#8220;RGBA(255,255,255,0)&#8220; background_layout=&#8220;dark&#8220; custom_padding=&#8220;20px|20px|20px|20px|false|false&#8220; global_colors_info=&#8220;{}&#8220;]<\/p>\n<ul>\n<li>Teilnahme an Debatten, Konferenzen, sowie anderen \u00f6ffentlichen Veranstaltungen und Plattformen oder Organisation davon<\/li>\n<li>Medienarbeit<\/li>\n<li>Teilnahme an \u00f6ffentlichen Vernehmlassungen<\/li>\n<li>Unterst\u00fctzung von politischen Vorst\u00f6ssen, wie Motionen, Postulaten, Initiativen oder Referenden<\/li>\n<\/ul>\n<p>[\/et_pb_blurb][\/et_pb_column][et_pb_column type=&#8220;1_3&#8243; _builder_version=&#8220;4.18.0&#8243; _module_preset=&#8220;default&#8220; background_color=&#8220;#242b38&#8243; animation_style=&#8220;flip&#8220; animation_direction=&#8220;top&#8220; global_colors_info=&#8220;{}&#8220;][et_pb_blurb title=&#8220;Expertisen und Beratungen&#8220; _builder_version=&#8220;4.18.0&#8243; _module_preset=&#8220;default&#8220; header_font=&#8220;|700||on|||||&#8220; header_text_color=&#8220;#ff2278&#8243; body_font_size=&#8220;16px&#8220; background_color=&#8220;RGBA(255,255,255,0)&#8220; background_layout=&#8220;dark&#8220; custom_padding=&#8220;20px|20px|20px|20px|false|false&#8220; global_colors_info=&#8220;{}&#8220;]<\/p>\n<ul>\n<li>Teilnahme in Kompetenzgremien (Sounding Boards, Think Tanks, \u2026), Erfahrungsaustauch<\/li>\n<li>Verfassen von wissenschaftlichen Beitr\u00e4gen<\/li>\n<li>Vernetzung von und Zusammenarbeit mit institutionellen, politischen, \u00f6konomischen und kulturellen Partnern<\/li>\n<li>Medienarbeit<\/li>\n<li>Kurationsarbeit<\/li>\n<\/ul>\n<p>[\/et_pb_blurb][\/et_pb_column][\/et_pb_row][et_pb_row _builder_version=&#8220;4.16&#8243; _module_preset=&#8220;default&#8220; custom_padding=&#8220;||0px|||&#8220; global_colors_info=&#8220;{}&#8220;][et_pb_column type=&#8220;4_4&#8243; _builder_version=&#8220;4.16&#8243; _module_preset=&#8220;default&#8220; global_colors_info=&#8220;{}&#8220;][et_pb_text _builder_version=&#8220;4.18.0&#8243; _module_preset=&#8220;default&#8220; text_font=&#8220;Oswald||||||||&#8220; text_font_size=&#8220;48px&#8220; header_font=&#8220;Oswald|600||on|||||&#8220; header_text_align=&#8220;left&#8220; header_text_color=&#8220;#ff2179&#8243; header_font_size=&#8220;60px&#8220; header_letter_spacing=&#8220;1px&#8220; custom_margin=&#8220;||15px|||&#8220; custom_padding=&#8220;||0px|||&#8220; header_font_size_tablet=&#8220;&#8220; header_font_size_phone=&#8220;30px&#8220; header_font_size_last_edited=&#8220;on|tablet&#8220; global_colors_info=&#8220;{}&#8220;]<\/p>\n<h1><span lang=\"DE-CH\">Laufende Grossprojekte<\/span><\/h1>\n<h1><\/h1>\n<p>[\/et_pb_text][\/et_pb_column][\/et_pb_row][et_pb_row column_structure=&#8220;1_2,1_2&#8243; _builder_version=&#8220;4.18.0&#8243; _module_preset=&#8220;default&#8220; global_colors_info=&#8220;{}&#8220;][et_pb_column type=&#8220;1_2&#8243; _builder_version=&#8220;4.18.0&#8243; _module_preset=&#8220;default&#8220; background_color=&#8220;#ffba08&#8243; global_colors_info=&#8220;{}&#8220;][et_pb_blurb title=&#8220;Aufbau eines unabh\u00e4ngigen Impuls- und Kompetenzzentrums, BASIEREND auf drei Pfeiler&#8220; _builder_version=&#8220;4.18.0&#8243; _module_preset=&#8220;default&#8220; header_font=&#8220;|700||on|||||&#8220; header_text_color=&#8220;gcid-bd1b09af-2844-4fc0-ab27-6bc1ae9e0a22&#8243; body_font=&#8220;||||||||&#8220; body_text_color=&#8220;gcid-307d1b1e-7f2f-4b15-81be-5d3ea8340f96&#8243; body_font_size=&#8220;16px&#8220; background_color=&#8220;RGBA(255,255,255,0)&#8220; custom_margin=&#8220;||29px|||&#8220; custom_padding=&#8220;20px|20px|0px|20px|false|false&#8220; global_colors_info=&#8220;{%22gcid-bd1b09af-2844-4fc0-ab27-6bc1ae9e0a22%22:%91%22header_text_color%22%93,%22gcid-307d1b1e-7f2f-4b15-81be-5d3ea8340f96%22:%91%22body_text_color%22%93}&#8220;]<\/p>\n<ul>\n<li>Qualitatives Wissen zum Thema Milizengagement erarbeiten, b\u00fcndeln und \u00f6ffentlich machen (Forschung &amp; Dokumentation)<\/li>\n<li>Milizakteure und ihre Vertreter in Verbindung setzen und den (Erfahrungs)austausch erm\u00f6glichen (Netzwerk &amp; Kollaboration)<\/li>\n<li>Praktische Leitf\u00e4den, Richtlinien, Handlungsempfehlungen und Umsetzungshilfen f\u00fcr alle Milizakteure ver\u00f6ffentlichen und ihnen mit Tat und Rat zur Seite stehen (Beratung &amp; Praxis)<\/li>\n<\/ul>\n<p>[\/et_pb_blurb][et_pb_button button_url=&#8220;\/de\/centre&#8220; button_text=&#8220;Mehr Infos&#8220; button_alignment=&#8220;center&#8220; _builder_version=&#8220;4.18.0&#8243; _module_preset=&#8220;default&#8220; custom_button=&#8220;on&#8220; button_bg_color=&#8220;#ff2278&#8243; button_border_width=&#8220;0px&#8220; button_border_radius=&#8220;8px&#8220; background_layout=&#8220;dark&#8220; custom_margin=&#8220;-19px||33px|||&#8220; global_colors_info=&#8220;{}&#8220;][\/et_pb_button][\/et_pb_column][et_pb_column type=&#8220;1_2&#8243; _builder_version=&#8220;4.18.0&#8243; _module_preset=&#8220;default&#8220; background_color=&#8220;#ffba08&#8243; global_colors_info=&#8220;{}&#8220;][et_pb_blurb title=&#8220;Unterst\u00fctzung der Initiative \u00abf\u00fcr eine engagierte Schweiz (Initiative Service Citoyen)\u00bb &#8220; _builder_version=&#8220;4.18.0&#8243; _module_preset=&#8220;default&#8220; header_font=&#8220;|700||on|||||&#8220; header_text_color=&#8220;gcid-bd1b09af-2844-4fc0-ab27-6bc1ae9e0a22&#8243; body_text_color=&#8220;gcid-307d1b1e-7f2f-4b15-81be-5d3ea8340f96&#8243; body_font_size=&#8220;16px&#8220; background_color=&#8220;RGBA(255,255,255,0)&#8220; custom_padding=&#8220;20px|20px|20px|20px|false|false&#8220; global_colors_info=&#8220;{%22gcid-bd1b09af-2844-4fc0-ab27-6bc1ae9e0a22%22:%91%22header_text_color%22%93,%22gcid-307d1b1e-7f2f-4b15-81be-5d3ea8340f96%22:%91%22body_text_color%22%93}&#8220;]<\/p>\n<p style=\"font-weight: 400;\">Die Initiative r\u00fcckt das Thema Milizengagement im Zentrum der Aufmerksamkeit. Deswegen unterst\u00fctzen wir sie als Verein. Das dadurch geweckte mediale und \u00f6ffentliche Interesse und die erreichte Sensibilisierung f\u00fcr das Thema Milizengagement bietet dem Verein und dem k\u00fcnftigen Kompetenzzentrum eine optimale B\u00fchne f\u00fcr unsere Aktivit\u00e4ten.<\/p>\n<p>[\/et_pb_blurb][et_pb_button button_url=&#8220;\/de\/initiative&#8220; button_text=&#8220;Mehr Infos&#8220; button_alignment=&#8220;center&#8220; _builder_version=&#8220;4.18.0&#8243; _module_preset=&#8220;default&#8220; custom_button=&#8220;on&#8220; button_bg_color=&#8220;#ff2278&#8243; button_border_width=&#8220;0px&#8220; button_border_radius=&#8220;8px&#8220; background_layout=&#8220;dark&#8220; custom_margin=&#8220;-19px||33px|||&#8220; global_colors_info=&#8220;{}&#8220;][\/et_pb_button][\/et_pb_column][\/et_pb_row][et_pb_row _builder_version=&#8220;4.16&#8243; _module_preset=&#8220;default&#8220; global_colors_info=&#8220;{}&#8220;][et_pb_column type=&#8220;4_4&#8243; _builder_version=&#8220;4.16&#8243; _module_preset=&#8220;default&#8220; global_colors_info=&#8220;{}&#8220;][et_pb_text _builder_version=&#8220;4.18.0&#8243; _module_preset=&#8220;default&#8220; text_font=&#8220;Oswald||||||||&#8220; text_font_size=&#8220;48px&#8220; header_font=&#8220;Oswald|600||on|||||&#8220; header_text_align=&#8220;left&#8220; header_text_color=&#8220;#ff2179&#8243; header_font_size=&#8220;60px&#8220; header_letter_spacing=&#8220;1px&#8220; custom_margin=&#8220;||15px|||&#8220; custom_padding=&#8220;||0px|||&#8220; header_font_size_tablet=&#8220;&#8220; header_font_size_phone=&#8220;30px&#8220; header_font_size_last_edited=&#8220;on|tablet&#8220; global_colors_info=&#8220;{}&#8220;]<\/p>\n<h1>Unsere Stellungsnahmen<\/h1>\n<p>[\/et_pb_text][\/et_pb_column][\/et_pb_row][et_pb_row use_custom_gutter=&#8220;on&#8220; make_equal=&#8220;on&#8220; module_class=&#8220; et_pb_row_fullwidth&#8220; _builder_version=&#8220;4.16&#8243; background_size=&#8220;initial&#8220; background_position=&#8220;top_left&#8220; background_repeat=&#8220;repeat&#8220; width_tablet=&#8220;80%&#8220; width_phone=&#8220;&#8220; width_last_edited=&#8220;on|tablet&#8220; max_width_tablet=&#8220;&#8220; max_width_phone=&#8220;&#8220; max_width_last_edited=&#8220;on|desktop&#8220; custom_padding=&#8220;0px|0px|0px|0px&#8220; make_fullwidth=&#8220;on&#8220; use_custom_width=&#8220;off&#8220; width_unit=&#8220;off&#8220; custom_width_px=&#8220;1080px&#8220; custom_width_percent=&#8220;80%&#8220; global_colors_info=&#8220;{}&#8220;][et_pb_column type=&#8220;4_4&#8243; _builder_version=&#8220;4.16&#8243; custom_padding=&#8220;|||&#8220; global_colors_info=&#8220;{}&#8220; custom_padding__hover=&#8220;|||&#8220;][et_pb_blog fullwidth=&#8220;off&#8220; posts_number=&#8220;6&#8243; include_categories=&#8220;39&#8243; meta_date=&#8220;j M Y&#8220; excerpt_length=&#8220;120&#8243; show_more=&#8220;on&#8220; show_author=&#8220;off&#8220; module_class=&#8220;et_blog_grid_equal_height&#8220; _builder_version=&#8220;4.18.0&#8243; header_font=&#8220;Oswald|600|||||||&#8220; header_text_color=&#8220;#ff2179&#8243; header_font_size=&#8220;20px&#8220; meta_font=&#8220;|700|||||||&#8220; pagination_font=&#8220;|600||on|||||&#8220; pagination_font_size=&#8220;16px&#8220; custom_css_title=&#8220;margin-bottom: 10px;&#8220; custom_css_read_more=&#8220;\/* Read more blog button *\/||    background-color: #ff2179;||    display: inline-block !important;||    color: rgb(255,255,255);||    padding: 5px 15px;||    margin-top: 15px;||    text-transform: uppercase;||&#8220; border_width_all=&#8220;0px&#8220; box_shadow_style=&#8220;preset2&#8243; use_border_color=&#8220;off&#8220; border_color=&#8220;#ffffff&#8220; border_width=&#8220;1px&#8220; border_style=&#8220;solid&#8220; use_dropshadow=&#8220;off&#8220; global_colors_info=&#8220;{}&#8220;][\/et_pb_blog][\/et_pb_column][\/et_pb_row][et_pb_row _builder_version=&#8220;4.16&#8243; _module_preset=&#8220;default&#8220; global_colors_info=&#8220;{}&#8220;][et_pb_column type=&#8220;4_4&#8243; _builder_version=&#8220;4.16&#8243; _module_preset=&#8220;default&#8220; global_colors_info=&#8220;{}&#8220;][et_pb_text _builder_version=&#8220;4.16&#8243; _module_preset=&#8220;default&#8220; text_font=&#8220;Oswald||||||||&#8220; text_font_size=&#8220;48px&#8220; header_font=&#8220;Oswald|600||on|||||&#8220; header_text_align=&#8220;left&#8220; header_text_color=&#8220;#ff2179&#8243; header_font_size=&#8220;60px&#8220; header_letter_spacing=&#8220;1px&#8220; custom_margin=&#8220;||15px|||&#8220; custom_padding=&#8220;||0px|||&#8220; header_font_size_tablet=&#8220;&#8220; header_font_size_phone=&#8220;30px&#8220; header_font_size_last_edited=&#8220;on|tablet&#8220; global_colors_info=&#8220;{}&#8220;]<\/p>\n<h1>nos publications acad\u00e9miques<\/h1>\n<p>[\/et_pb_text][et_pb_blog fullwidth=&#8220;off&#8220; posts_number=&#8220;6&#8243; include_categories=&#8220;46&#8243; meta_date=&#8220;j M Y&#8220; excerpt_length=&#8220;120&#8243; show_more=&#8220;on&#8220; show_author=&#8220;off&#8220; module_class=&#8220;et_blog_grid_equal_height&#8220; _builder_version=&#8220;4.18.0&#8243; header_font=&#8220;Oswald|600|||||||&#8220; header_text_color=&#8220;#ff2179&#8243; header_font_size=&#8220;20px&#8220; meta_font=&#8220;|700|||||||&#8220; pagination_font=&#8220;|600||on|||||&#8220; pagination_font_size=&#8220;16px&#8220; custom_css_title=&#8220;margin-bottom: 10px;&#8220; custom_css_read_more=&#8220;\/* Read more blog button *\/||    background-color: #ff2179;||    display: inline-block !important;||    color: rgb(255,255,255);||    padding: 5px 15px;||    margin-top: 15px;||    text-transform: uppercase;||&#8220; border_width_all=&#8220;0px&#8220; box_shadow_style=&#8220;preset2&#8243; use_border_color=&#8220;off&#8220; border_color=&#8220;#ffffff&#8220; border_width=&#8220;1px&#8220; border_style=&#8220;solid&#8220; use_dropshadow=&#8220;off&#8220; global_colors_info=&#8220;{}&#8220;][\/et_pb_blog][\/et_pb_column][\/et_pb_row][\/et_pb_section]<\/p>\n","protected":false},"excerpt":{"rendered":"<p>Gemeinsam voran Unsere ProjekteT\u00e4tigkeitsfelder rund um Die MilizZur St\u00e4rkung der Willensnation und des Milizprinzips, zur Festigung der innerschweizerischen Beziehungen, zur Neubelebung der Demokratie, f\u00fcr eine aktive B\u00fcrgerschaft und um unseren Werten neues Leben einzuhauchen engagiert sich der Verein in folgenden Bereichen: Teilnahme an und Organisation von Ausbildungsseminaren, Konferenzen und Workshops Begleitung von wissenschaftlichen Arbeiten Verfassen [&hellip;]<\/p>\n","protected":false},"author":4,"featured_media":0,"parent":0,"menu_order":0,"comment_status":"closed","ping_status":"closed","template":"","meta":{"_acf_changed":false,"_et_pb_use_builder":"on","_et_pb_old_content":"","_et_gb_content_width":"","content-type":"","om_disable_all_campaigns":false,"_monsterinsights_skip_tracking":false,"_monsterinsights_sitenote_active":false,"_monsterinsights_sitenote_note":"","_monsterinsights_sitenote_category":0,"_uf_show_specific_survey":0,"_uf_disable_surveys":false,"footnotes":""},"class_list":["post-50094","page","type-page","status-publish","hentry"],"acf":{"donation_amount":null,"signatures_amount":null},"aioseo_notices":[],"_donation_amount":"","_signatures_amount":"","donation_amount":"","signatures_amount":"","_links":{"self":[{"href":"https:\/\/milizengagement.ch\/de\/wp-json\/wp\/v2\/pages\/50094","targetHints":{"allow":["GET"]}}],"collection":[{"href":"https:\/\/milizengagement.ch\/de\/wp-json\/wp\/v2\/pages"}],"about":[{"href":"https:\/\/milizengagement.ch\/de\/wp-json\/wp\/v2\/types\/page"}],"author":[{"embeddable":true,"href":"https:\/\/milizengagement.ch\/de\/wp-json\/wp\/v2\/users\/4"}],"replies":[{"embeddable":true,"href":"https:\/\/milizengagement.ch\/de\/wp-json\/wp\/v2\/comments?post=50094"}],"version-history":[{"count":5,"href":"https:\/\/milizengagement.ch\/de\/wp-json\/wp\/v2\/pages\/50094\/revisions"}],"predecessor-version":[{"id":50288,"href":"https:\/\/milizengagement.ch\/de\/wp-json\/wp\/v2\/pages\/50094\/revisions\/50288"}],"wp:attachment":[{"href":"https:\/\/milizengagement.ch\/de\/wp-json\/wp\/v2\/media?parent=50094"}],"curies":[{"name":"wp","href":"https:\/\/api.w.org\/{rel}","templated":true}]}}